{"id":202,"date":"2024-05-17T17:24:57","date_gmt":"2024-05-17T15:24:57","guid":{"rendered":"https:\/\/www.promacel.org\/?page_id=202"},"modified":"2025-03-25T23:05:46","modified_gmt":"2025-03-25T22:05:46","slug":"actualites","status":"publish","type":"page","link":"https:\/\/www.promacel.org\/index.php\/actualites\/","title":{"rendered":"Projets"},"content":{"rendered":"\n<h2 class=\"wp-block-heading has-text-align-center\"><strong>Projet de Soutien \u00e0 l&rsquo;autonomisation des filles m\u00e8res isol\u00e9es de Koudougou<\/strong><\/h2>\n\n\n<div class=\"wp-block-image\">\n<figure class=\"aligncenter size-large is-resized\"><img loading=\"lazy\" decoding=\"async\" width=\"1024\" height=\"683\" src=\"http:\/\/www.promacel.org\/wp-content\/uploads\/2024\/09\/IMG_6559-1024x683.jpg\" alt=\"\" class=\"wp-image-307\" style=\"width:708px;height:auto\" srcset=\"https:\/\/www.promacel.org\/wp-content\/uploads\/2024\/09\/IMG_6559-1024x683.jpg 1024w, https:\/\/www.promacel.org\/wp-content\/uploads\/2024\/09\/IMG_6559-300x200.jpg 300w, https:\/\/www.promacel.org\/wp-content\/uploads\/2024\/09\/IMG_6559-768x512.jpg 768w, https:\/\/www.promacel.org\/wp-content\/uploads\/2024\/09\/IMG_6559-1536x1024.jpg 1536w, https:\/\/www.promacel.org\/wp-content\/uploads\/2024\/09\/IMG_6559-2048x1365.jpg 2048w\" sizes=\"auto, (max-width: 1024px) 100vw, 1024px\" \/><\/figure><\/div>\n\n\n<h3 class=\"wp-block-heading\"><strong>Objectifs<\/strong><\/h3>\n\n\n\n<p>\u2705 <strong>Former et accompagner<\/strong> les mamans dans la gestion d\u2019activit\u00e9s agricoles et \u00e9conomiques.<br>\u2705 <strong>Cr\u00e9er un p\u00e9rim\u00e8tre mara\u00eecher durable<\/strong> de 3 200 m\u00b2 \u00e9quip\u00e9 d\u2019un syst\u00e8me d\u2019irrigation solaire.<br>\u2705 <strong>Fournir un soutien logistique et mat\u00e9riel<\/strong>, notamment des \u00e9quipements agricoles et informatiques.<br>\u2705 <strong>Favoriser l\u2019inclusion sociale et \u00e9conomique<\/strong> \u00e0 travers des formations et des initiatives g\u00e9n\u00e9ratrices de revenus.<\/p>\n\n\n\n<h3 class=\"wp-block-heading\"><strong>Nos r\u00e9alisations<\/strong><\/h3>\n\n\n\n<figure class=\"wp-block-gallery has-nested-images columns-default is-cropped wp-block-gallery-1 is-layout-flex wp-block-gallery-is-layout-flex\">\n<figure class=\"wp-block-image size-full\"><img loading=\"lazy\" decoding=\"async\" width=\"576\" height=\"703\" data-id=\"341\" src=\"https:\/\/www.promacel.org\/wp-content\/uploads\/2025\/03\/k15gkmdw.png\" alt=\"\" class=\"wp-image-341\" srcset=\"https:\/\/www.promacel.org\/wp-content\/uploads\/2025\/03\/k15gkmdw.png 576w, https:\/\/www.promacel.org\/wp-content\/uploads\/2025\/03\/k15gkmdw-246x300.png 246w\" sizes=\"auto, (max-width: 576px) 100vw, 576px\" \/><figcaption class=\"wp-element-caption\">oplus_34<\/figcaption><\/figure>\n\n\n\n<figure class=\"wp-block-image size-full\"><img loading=\"lazy\" decoding=\"async\" width=\"576\" height=\"810\" data-id=\"342\" src=\"https:\/\/www.promacel.org\/wp-content\/uploads\/2025\/03\/ij8obyqa.png\" alt=\"\" class=\"wp-image-342\" srcset=\"https:\/\/www.promacel.org\/wp-content\/uploads\/2025\/03\/ij8obyqa.png 576w, https:\/\/www.promacel.org\/wp-content\/uploads\/2025\/03\/ij8obyqa-213x300.png 213w\" sizes=\"auto, (max-width: 576px) 100vw, 576px\" \/><figcaption class=\"wp-element-caption\">oplus_32<\/figcaption><\/figure>\n\n\n\n<figure class=\"wp-block-image size-full\"><img loading=\"lazy\" decoding=\"async\" width=\"768\" height=\"836\" data-id=\"343\" src=\"https:\/\/www.promacel.org\/wp-content\/uploads\/2025\/03\/zpg4elni.png\" alt=\"\" class=\"wp-image-343\" srcset=\"https:\/\/www.promacel.org\/wp-content\/uploads\/2025\/03\/zpg4elni.png 768w, https:\/\/www.promacel.org\/wp-content\/uploads\/2025\/03\/zpg4elni-276x300.png 276w\" sizes=\"auto, (max-width: 768px) 100vw, 768px\" \/><figcaption class=\"wp-element-caption\">oplus_34<\/figcaption><\/figure>\n<\/figure>\n\n\n\n<p>\ud83c\udf3f Formation de 10 b\u00e9n\u00e9ficiaires aux techniques agricoles durables (compostage, agroforesterie, pesticides naturels, etc.).<br>\ud83d\ude9c Mise en place d\u2019un <strong>puits de 17 m\u00e8tres<\/strong> et d\u2019un <strong>syst\u00e8me de pompage solaire<\/strong> (installation en cours).<br>\ud83d\udc69\u200d\ud83c\udfeb Int\u00e9gration de <strong>5 femmes d\u00e9munies<\/strong> suppl\u00e9mentaires dans le projet.<br>\ud83e\udd45 Mise en place d&rsquo;une cloture pour un p\u00e9rim\u00e8tre mara\u00eecher de <strong>3200 m\u00e8tres carr\u00e9s<\/strong>.<\/p>\n\n\n\n<figure class=\"wp-block-gallery has-nested-images columns-default is-cropped wp-block-gallery-2 is-layout-flex wp-block-gallery-is-layout-flex\">\n<figure class=\"wp-block-image size-large\"><img loading=\"lazy\" decoding=\"async\" width=\"768\" height=\"1024\" data-id=\"326\" src=\"https:\/\/www.promacel.org\/wp-content\/uploads\/2025\/03\/IMG20250220114135-2-768x1024.jpg\" alt=\"\" class=\"wp-image-326\" srcset=\"https:\/\/www.promacel.org\/wp-content\/uploads\/2025\/03\/IMG20250220114135-2-768x1024.jpg 768w, https:\/\/www.promacel.org\/wp-content\/uploads\/2025\/03\/IMG20250220114135-2-225x300.jpg 225w, https:\/\/www.promacel.org\/wp-content\/uploads\/2025\/03\/IMG20250220114135-2-1152x1536.jpg 1152w, https:\/\/www.promacel.org\/wp-content\/uploads\/2025\/03\/IMG20250220114135-2-1536x2048.jpg 1536w, https:\/\/www.promacel.org\/wp-content\/uploads\/2025\/03\/IMG20250220114135-2-scaled.jpg 1920w\" sizes=\"auto, (max-width: 768px) 100vw, 768px\" \/><figcaption class=\"wp-element-caption\">oplus_34<\/figcaption><\/figure>\n\n\n\n<figure class=\"wp-block-image size-large\"><img loading=\"lazy\" decoding=\"async\" width=\"768\" height=\"1024\" data-id=\"324\" src=\"https:\/\/www.promacel.org\/wp-content\/uploads\/2025\/03\/IMG20250219092944-1-768x1024.jpg\" alt=\"\" class=\"wp-image-324\" srcset=\"https:\/\/www.promacel.org\/wp-content\/uploads\/2025\/03\/IMG20250219092944-1-768x1024.jpg 768w, https:\/\/www.promacel.org\/wp-content\/uploads\/2025\/03\/IMG20250219092944-1-225x300.jpg 225w, https:\/\/www.promacel.org\/wp-content\/uploads\/2025\/03\/IMG20250219092944-1-1152x1536.jpg 1152w, https:\/\/www.promacel.org\/wp-content\/uploads\/2025\/03\/IMG20250219092944-1-1536x2048.jpg 1536w, https:\/\/www.promacel.org\/wp-content\/uploads\/2025\/03\/IMG20250219092944-1-scaled.jpg 1920w\" sizes=\"auto, (max-width: 768px) 100vw, 768px\" \/><figcaption class=\"wp-element-caption\">oplus_32<\/figcaption><\/figure>\n\n\n\n<figure class=\"wp-block-image size-large\"><img loading=\"lazy\" decoding=\"async\" width=\"768\" height=\"1024\" data-id=\"322\" src=\"https:\/\/www.promacel.org\/wp-content\/uploads\/2025\/03\/IMG20250220113935-1-768x1024.jpg\" alt=\"\" class=\"wp-image-322\" srcset=\"https:\/\/www.promacel.org\/wp-content\/uploads\/2025\/03\/IMG20250220113935-1-768x1024.jpg 768w, https:\/\/www.promacel.org\/wp-content\/uploads\/2025\/03\/IMG20250220113935-1-225x300.jpg 225w, https:\/\/www.promacel.org\/wp-content\/uploads\/2025\/03\/IMG20250220113935-1-1152x1536.jpg 1152w, https:\/\/www.promacel.org\/wp-content\/uploads\/2025\/03\/IMG20250220113935-1-1536x2048.jpg 1536w, https:\/\/www.promacel.org\/wp-content\/uploads\/2025\/03\/IMG20250220113935-1-scaled.jpg 1920w\" sizes=\"auto, (max-width: 768px) 100vw, 768px\" \/><figcaption class=\"wp-element-caption\">oplus_34<\/figcaption><\/figure>\n<\/figure>\n\n\n\n<h3 class=\"wp-block-heading\"><strong>Un projet durable et solidaire<\/strong><\/h3>\n\n\n\n<p>Gr\u00e2ce \u00e0 la mobilisation de partenaires locaux et internationaux, au soutien du <strong>PRAOSIM<\/strong> du Cosim Bretagne et de ABADAS , nous mettons en place des <strong>solutions viables et autonomes<\/strong> pour assurer un avenir meilleur aux b\u00e9n\u00e9ficiaires. Chaque soutien contribue \u00e0 faire grandir ce projet et \u00e0 offrir aux mamans c\u00e9libataires un v\u00e9ritable levier d\u2019\u00e9mancipation.<\/p>\n\n\n\n<p><\/p>\n","protected":false},"excerpt":{"rendered":"<p>Projet de Soutien \u00e0 l&rsquo;autonomisation des filles m\u00e8res isol\u00e9es de Koudougou Objectifs \u2705 Former et accompagner les mamans dans la&#8230;<\/p>\n","protected":false},"author":1,"featured_media":0,"parent":0,"menu_order":0,"comment_status":"closed","ping_status":"closed","template":"","meta":{"footnotes":""},"class_list":["post-202","page","type-page","status-publish","hentry"],"_links":{"self":[{"href":"https:\/\/www.promacel.org\/index.php\/wp-json\/wp\/v2\/pages\/202","targetHints":{"allow":["GET"]}}],"collection":[{"href":"https:\/\/www.promacel.org\/index.php\/wp-json\/wp\/v2\/pages"}],"about":[{"href":"https:\/\/www.promacel.org\/index.php\/wp-json\/wp\/v2\/types\/page"}],"author":[{"embeddable":true,"href":"https:\/\/www.promacel.org\/index.php\/wp-json\/wp\/v2\/users\/1"}],"replies":[{"embeddable":true,"href":"https:\/\/www.promacel.org\/index.php\/wp-json\/wp\/v2\/comments?post=202"}],"version-history":[{"count":5,"href":"https:\/\/www.promacel.org\/index.php\/wp-json\/wp\/v2\/pages\/202\/revisions"}],"predecessor-version":[{"id":344,"href":"https:\/\/www.promacel.org\/index.php\/wp-json\/wp\/v2\/pages\/202\/revisions\/344"}],"wp:attachment":[{"href":"https:\/\/www.promacel.org\/index.php\/wp-json\/wp\/v2\/media?parent=202"}],"curies":[{"name":"wp","href":"https:\/\/api.w.org\/{rel}","templated":true}]}}