{"id":45,"date":"2024-03-29T19:34:32","date_gmt":"2024-03-29T18:34:32","guid":{"rendered":"https:\/\/www.promacel.org\/index.php\/home\/"},"modified":"2024-10-21T20:23:19","modified_gmt":"2024-10-21T18:23:19","slug":"home","status":"publish","type":"page","link":"https:\/\/www.promacel.org\/","title":{"rendered":"Home"},"content":{"rendered":"\n<div class=\"wp-block-buttons is-content-justification-left is-layout-flex wp-container-core-buttons-is-layout-fdcfc74e wp-block-buttons-is-layout-flex\">\n<div class=\"wp-block-button\"><a class=\"wp-block-button__link has-text-align-left wp-element-button\" href=\"https:\/\/www.helloasso.com\/associations\/peuples-solidaires-saint-lo\/formulaires\/2\">Faire un don<\/a><\/div>\n<\/div>\n\n\n\n<h1 class=\"wp-block-heading has-text-align-center\">PROMACEL<\/h1>\n\n\n\n<h4 class=\"wp-block-heading has-text-align-center\">Ensemble pour elles: soutenons les mamans c\u00e9libataires isol\u00e9es de Koudougou, Burkina Faso.<\/h4>\n\n\n\n<div class=\"wp-block-cover alignwide\"><span aria-hidden=\"true\" class=\"wp-block-cover__background has-background-dim\" style=\"background-color:#8f8276\"><\/span><img loading=\"lazy\" decoding=\"async\" width=\"1875\" height=\"750\" class=\"wp-block-cover__image-background wp-image-300\" alt=\"\" src=\"https:\/\/www.promacel.org\/wp-content\/uploads\/2024\/06\/Banniere-de-Profil-Pixel-Art-Discord-en-Violet-Bleu-et-Rose-10.png\" data-object-fit=\"cover\" srcset=\"https:\/\/www.promacel.org\/wp-content\/uploads\/2024\/06\/Banniere-de-Profil-Pixel-Art-Discord-en-Violet-Bleu-et-Rose-10.png 1875w, https:\/\/www.promacel.org\/wp-content\/uploads\/2024\/06\/Banniere-de-Profil-Pixel-Art-Discord-en-Violet-Bleu-et-Rose-10-300x120.png 300w, https:\/\/www.promacel.org\/wp-content\/uploads\/2024\/06\/Banniere-de-Profil-Pixel-Art-Discord-en-Violet-Bleu-et-Rose-10-1024x410.png 1024w, https:\/\/www.promacel.org\/wp-content\/uploads\/2024\/06\/Banniere-de-Profil-Pixel-Art-Discord-en-Violet-Bleu-et-Rose-10-768x307.png 768w, https:\/\/www.promacel.org\/wp-content\/uploads\/2024\/06\/Banniere-de-Profil-Pixel-Art-Discord-en-Violet-Bleu-et-Rose-10-1536x614.png 1536w\" sizes=\"auto, (max-width: 1875px) 100vw, 1875px\" \/><div class=\"wp-block-cover__inner-container is-layout-flow wp-block-cover-is-layout-flow\">\n<p class=\"has-text-align-center has-large-font-size\"><\/p>\n<\/div><\/div>\n\n\n\n<h2 class=\"wp-block-heading has-text-align-center\"><mark style=\"background-color:rgba(0, 0, 0, 0);color:#f6ca04\" class=\"has-inline-color\">Qui sommes nous ?<\/mark><\/h2>\n\n\n\n<div class=\"wp-block-group\"><div class=\"wp-block-group__inner-container is-layout-constrained wp-block-group-is-layout-constrained\">\n<p>Promacel, est un organisme d\u00e9di\u00e9 au bien-\u00eatre des mamans c\u00e9libataires. Nous offrons un soutien essentiel, allant de l&rsquo;appui financier \u00e0 la formation et l&rsquo;accompagnement \u00e0 l&#8217;emploi en passant par la sant\u00e9 de la m\u00e8re et de l\u2019enfant. Notre mission est de briser les barri\u00e8res qui entravent ces femmes extraordinaires et de les aider \u00e0 r\u00e9aliser leur plein potentiel.<\/p>\n<\/div><\/div>\n\n\n\n<div class=\"wp-block-group\"><div class=\"wp-block-group__inner-container is-layout-constrained wp-block-group-is-layout-constrained\">\n<p>Promacel est une association \u00e0 but non lucratif bas\u00e9e \u00e0 Koudougou au Burkina Faso d\u00e9di\u00e9e \u00e0 la promotion des droits, de l&rsquo;\u00e9ducation et de l&rsquo;autonomie financi\u00e8re des mamans c\u00e9libataires et des filles chass\u00e9es par leur famille pour grossesse pr\u00e9maritale. R\u00e9gie par des statuts conformes \u00e0 la loi&nbsp;<strong>N\u00b0 064-2015\/CNT<\/strong>&nbsp;portant libert\u00e9 d\u2019association au BURKINA FASO, Promacel vise \u00e0 r\u00e9unir ces femmes, offrir un soutien solidaire et favoriser leur int\u00e9gration sociale.<\/p>\n<\/div><\/div>\n\n\n\n<h2 class=\"wp-block-heading\">Pourquoi PROMACEL?<\/h2>\n\n\n\n<p>Au Burkina Faso, chez les Mossi, subsiste une interdiction ancr\u00e9e dans les traditions et les pr\u00e9jug\u00e9s. Selon ces croyances, une jeune fille enceinte hors mariage court le risque d&rsquo;attirer une mal\u00e9diction pouvant entra\u00eener le d\u00e9c\u00e8s d&rsquo;un membre de sa famille si elle ne quitte pas le foyer familial.<\/p>\n\n\n\n<div class=\"wp-block-media-text is-stacked-on-mobile\" style=\"grid-template-columns:32% auto\"><figure class=\"wp-block-media-text__media\"><img loading=\"lazy\" decoding=\"async\" width=\"500\" height=\"264\" src=\"https:\/\/www.promacel.org\/wp-content\/uploads\/2024\/05\/Abstract-Key-Logo-2.png\" alt=\"\" class=\"wp-image-223 size-full\" srcset=\"https:\/\/www.promacel.org\/wp-content\/uploads\/2024\/05\/Abstract-Key-Logo-2.png 500w, https:\/\/www.promacel.org\/wp-content\/uploads\/2024\/05\/Abstract-Key-Logo-2-300x158.png 300w\" sizes=\"auto, (max-width: 500px) 100vw, 500px\" \/><\/figure><div class=\"wp-block-media-text__content\">\n<p class=\"has-text-align-left\">Dans la r\u00e9gion de Koudougou, de nombreuses jeunes filles se retrouvent enceintes hors mariage et sont confront\u00e9es au rejet familial \u00e0 l&rsquo;isolement social et souvent \u00e0 la rue. Ces situations les plongent dans une d\u00e9tresse profonde, parfois les poussant \u00e0 des choix tragiques comme l&rsquo;avortement ou des solutions dangereuses pour leur sant\u00e9 entrainant souvent la mort.<\/p>\n<\/div><\/div>\n\n\n\n<p>Cette cr\u00e9ation est inspir\u00e9 par les exp\u00e9riences et les rencontres du P\u00e8re Maurice Oudet, un missionnaire d&rsquo;Afrique, engag\u00e9 depuis 1971 au Burkina Faso. Le P\u00e8re Maurice Oudet a consacr\u00e9 52 ans \u00e0 promouvoir l&rsquo;\u00e9ducation en langues nationales, le d\u00e9veloppement agricole et l&rsquo;\u00e9mancipation des femmes \u00e0 travers l&rsquo;acc\u00e8s des jeunes filles \u00e0 l&rsquo;\u00e9ducation. Depuis 2013, il apporte son soutien aux jeunes m\u00e8res c\u00e9libataires rejet\u00e9es par leur famille.&nbsp;<\/p>\n\n\n\n<div class=\"wp-block-media-text has-media-on-the-right is-stacked-on-mobile\" style=\"grid-template-columns:auto 30%\"><div class=\"wp-block-media-text__content\">\n<p>Initialement, il a commenc\u00e9 cette d\u00e9marche avec l&rsquo;aide de quelques amis et connaissances. Progressivement, de plus en plus de jeunes femmes ont commenc\u00e9 \u00e0 affluer de Koudougou et des villages environnants. Contraint de quitter d\u00e9finitivement le Burkina Faso en 2023 pour des raisons de sant\u00e9, il a d\u00e9cid\u00e9 de structurer Promacel et de l&rsquo;\u00e9tablir en tant qu&rsquo;association. Ce projet se veut une r\u00e9ponse concr\u00e8te \u00e0 une r\u00e9alit\u00e9 souvent cach\u00e9e mais profond\u00e9ment ancr\u00e9e.<\/p>\n<\/div><figure class=\"wp-block-media-text__media\"><img loading=\"lazy\" decoding=\"async\" width=\"300\" height=\"225\" src=\"https:\/\/www.promacel.org\/wp-content\/uploads\/2024\/05\/maurice1-300x225-2.jpg\" alt=\"\" class=\"wp-image-224 size-full\"\/><\/figure><\/div>\n\n\n\n<p>L&rsquo;objectif principal est d&rsquo;offrir un soutien holistique et bienveillant \u00e0 ces jeunes femmes tout au long de leur parcours de maternit\u00e9. Cela inclut un accompagnement avant et apr\u00e8s l&rsquo;accouchement, un suivi m\u00e9dical, un soutien psychologique et spirituel si d\u00e9sir\u00e9, ainsi qu&rsquo;une aide mat\u00e9rielle pour les besoins essentiels tels que le logement, la nourriture et l&rsquo;\u00e9ducation.<\/p>\n\n\n\n<div class=\"wp-block-media-text is-stacked-on-mobile\" style=\"grid-template-columns:34% auto\"><figure class=\"wp-block-media-text__media\"><img loading=\"lazy\" decoding=\"async\" width=\"552\" height=\"367\" src=\"https:\/\/www.promacel.org\/wp-content\/uploads\/2024\/05\/img-1.jpg\" alt=\"\" class=\"wp-image-225 size-full\" srcset=\"https:\/\/www.promacel.org\/wp-content\/uploads\/2024\/05\/img-1.jpg 552w, https:\/\/www.promacel.org\/wp-content\/uploads\/2024\/05\/img-1-300x199.jpg 300w\" sizes=\"auto, (max-width: 552px) 100vw, 552px\" \/><\/figure><div class=\"wp-block-media-text__content\">\n<p>Avant l&rsquo;accouchement, le projet propose une s\u00e9rie de mesures d&rsquo;accompagnement, notamment une \u00e9coute attentive, un logement si n\u00e9cessaire, un suivi m\u00e9dical ad\u00e9quat et un soutien financier pour les besoins quotidiens. <\/p>\n\n\n\n<p>Apr\u00e8s l&rsquo;accouchement, les jeunes m\u00e8res re\u00e7oivent un soutien psychologique &nbsp;pour reconstruire leur estime de soi dans un environnement bienveillant, sans jugement ni m\u00e9pris. Et pour celles qui le d\u00e9sirent, une formation est assur\u00e9e afin de favoriser leur insertion professionnelle.<\/p>\n<\/div><\/div>\n\n\n\n<figure class=\"wp-block-gallery has-nested-images columns-default is-cropped wp-block-gallery-1 is-layout-flex wp-block-gallery-is-layout-flex\">\n<figure class=\"wp-block-image size-large\"><img loading=\"lazy\" decoding=\"async\" width=\"1024\" height=\"636\" data-id=\"227\" src=\"https:\/\/www.promacel.org\/wp-content\/uploads\/2024\/05\/IMG-20240131-WA0025-1-1-1024x636.jpg\" alt=\"\" class=\"wp-image-227\" srcset=\"https:\/\/www.promacel.org\/wp-content\/uploads\/2024\/05\/IMG-20240131-WA0025-1-1-1024x636.jpg 1024w, https:\/\/www.promacel.org\/wp-content\/uploads\/2024\/05\/IMG-20240131-WA0025-1-1-300x186.jpg 300w, https:\/\/www.promacel.org\/wp-content\/uploads\/2024\/05\/IMG-20240131-WA0025-1-1-768x477.jpg 768w, https:\/\/www.promacel.org\/wp-content\/uploads\/2024\/05\/IMG-20240131-WA0025-1-1.jpg 1342w\" sizes=\"auto, (max-width: 1024px) 100vw, 1024px\" \/><\/figure>\n\n\n\n<figure class=\"wp-block-image size-large\"><img loading=\"lazy\" decoding=\"async\" width=\"1024\" height=\"768\" data-id=\"229\" src=\"https:\/\/www.promacel.org\/wp-content\/uploads\/2024\/05\/2024.03.08-Dargatech-formatio-Promacel-1024x768.jpg\" alt=\"\" class=\"wp-image-229\" srcset=\"https:\/\/www.promacel.org\/wp-content\/uploads\/2024\/05\/2024.03.08-Dargatech-formatio-Promacel-1024x768.jpg 1024w, https:\/\/www.promacel.org\/wp-content\/uploads\/2024\/05\/2024.03.08-Dargatech-formatio-Promacel-300x225.jpg 300w, https:\/\/www.promacel.org\/wp-content\/uploads\/2024\/05\/2024.03.08-Dargatech-formatio-Promacel-768x576.jpg 768w, https:\/\/www.promacel.org\/wp-content\/uploads\/2024\/05\/2024.03.08-Dargatech-formatio-Promacel-1536x1152.jpg 1536w, https:\/\/www.promacel.org\/wp-content\/uploads\/2024\/05\/2024.03.08-Dargatech-formatio-Promacel.jpg 2048w\" sizes=\"auto, (max-width: 1024px) 100vw, 1024px\" \/><\/figure>\n\n\n\n<figure class=\"wp-block-image size-large\"><img loading=\"lazy\" decoding=\"async\" width=\"1024\" height=\"544\" data-id=\"228\" src=\"https:\/\/www.promacel.org\/wp-content\/uploads\/2024\/05\/WhatsApp-Image-2024-04-04-a-23.42.51_e4eea9ef-1-1024x544.jpg\" alt=\"\" class=\"wp-image-228\" srcset=\"https:\/\/www.promacel.org\/wp-content\/uploads\/2024\/05\/WhatsApp-Image-2024-04-04-a-23.42.51_e4eea9ef-1-1024x544.jpg 1024w, https:\/\/www.promacel.org\/wp-content\/uploads\/2024\/05\/WhatsApp-Image-2024-04-04-a-23.42.51_e4eea9ef-1-300x159.jpg 300w, https:\/\/www.promacel.org\/wp-content\/uploads\/2024\/05\/WhatsApp-Image-2024-04-04-a-23.42.51_e4eea9ef-1-768x408.jpg 768w, https:\/\/www.promacel.org\/wp-content\/uploads\/2024\/05\/WhatsApp-Image-2024-04-04-a-23.42.51_e4eea9ef-1.jpg 1041w\" sizes=\"auto, (max-width: 1024px) 100vw, 1024px\" \/><\/figure>\n<\/figure>\n\n\n\n<p>En offrant un tel soutien, le projet port\u00e9 par Promacel vise \u00e0 transformer les vies d&rsquo;une centaine de jeunes femmes \u00e0 Koudougou, en leur redonnant espoir et en les aidant \u00e0 trouver leur place dans la soci\u00e9t\u00e9. En favorisant une culture de l&rsquo;accueil et de la solidarit\u00e9, il contribue \u00e9galement \u00e0 changer les mentalit\u00e9s et \u00e0 cr\u00e9er un environnement plus inclusif pour les m\u00e8res c\u00e9libataires.<\/p>\n\n\n\n<hr class=\"wp-block-separator has-alpha-channel-opacity\"\/>\n\n\n\n<h2 class=\"wp-block-heading\">Pourquoi s&rsquo;engager avec nous ?<\/h2>\n\n\n\n<div class=\"wp-block-media-text has-media-on-the-right is-stacked-on-mobile\" style=\"grid-template-columns:auto 55%\"><div class=\"wp-block-media-text__content\">\n<ul class=\"wp-block-list\">\n<li>Promacel incarne la r\u00e9silience et l&rsquo;espoir, offrant aux m\u00e8res c\u00e9libataires un avenir meilleur pour elles-m\u00eames et leurs familles.<\/li>\n\n\n\n<li>Gr\u00e2ce \u00e0 vous, PROMACEL accueille, nourrit, prot\u00e8ge et offre un refuge \u00e0 plus de  jeunes filles-m\u00e8res et leurs nouveaux n\u00e9s par ann\u00e9e.<\/li>\n\n\n\n<li>15 ans d&rsquo;exp\u00e9rience au service des Filles-m\u00e8res isol\u00e9es de Koudougou.<\/li>\n\n\n\n<li>Nous sommes des acteurs de l&rsquo;\u00e9mancipation de la femme \u00e0 Koudougou; nous contribuons \u00e0 assurer l&rsquo;autonomie de la femme et \u00e0 briser les st\u00e9r\u00e9otypes sur les jeunes filles-m\u00e8res.<\/li>\n\n\n\n<li>Nous fonctionnons de mani\u00e8re transparente et responsable, assurant une utilisation rigoureuse et efficiente des fonds pour maximiser l&rsquo;impact positif sur la vie des b\u00e9n\u00e9ficiaires.<\/li>\n<\/ul>\n<\/div><figure class=\"wp-block-media-text__media\"><img loading=\"lazy\" decoding=\"async\" width=\"470\" height=\"300\" src=\"http:\/\/www.promacel.org\/wp-content\/uploads\/2024\/04\/img.jpg\" alt=\"\" class=\"wp-image-146 size-full\" srcset=\"https:\/\/www.promacel.org\/wp-content\/uploads\/2024\/04\/img.jpg 470w, https:\/\/www.promacel.org\/wp-content\/uploads\/2024\/04\/img-300x191.jpg 300w\" sizes=\"auto, (max-width: 470px) 100vw, 470px\" \/><\/figure><\/div>\n\n\n\n<hr class=\"wp-block-separator has-alpha-channel-opacity\"\/>\n\n\n\n<h2 class=\"wp-block-heading has-text-align-center\">Nos partenaires<\/h2>\n\n\n<div class=\"wp-block-image\">\n<figure class=\"aligncenter size-large is-resized\"><img loading=\"lazy\" decoding=\"async\" width=\"1024\" height=\"410\" src=\"https:\/\/www.promacel.org\/wp-content\/uploads\/2024\/05\/Banniere-de-Profil-Pixel-Art-Discord-en-Violet-Bleu-et-Rose-3-1024x410.jpg\" alt=\"\" class=\"wp-image-278\" style=\"width:556px;height:auto\" srcset=\"https:\/\/www.promacel.org\/wp-content\/uploads\/2024\/05\/Banniere-de-Profil-Pixel-Art-Discord-en-Violet-Bleu-et-Rose-3-1024x410.jpg 1024w, https:\/\/www.promacel.org\/wp-content\/uploads\/2024\/05\/Banniere-de-Profil-Pixel-Art-Discord-en-Violet-Bleu-et-Rose-3-300x120.jpg 300w, https:\/\/www.promacel.org\/wp-content\/uploads\/2024\/05\/Banniere-de-Profil-Pixel-Art-Discord-en-Violet-Bleu-et-Rose-3-768x307.jpg 768w, https:\/\/www.promacel.org\/wp-content\/uploads\/2024\/05\/Banniere-de-Profil-Pixel-Art-Discord-en-Violet-Bleu-et-Rose-3-1536x614.jpg 1536w, https:\/\/www.promacel.org\/wp-content\/uploads\/2024\/05\/Banniere-de-Profil-Pixel-Art-Discord-en-Violet-Bleu-et-Rose-3.jpg 1875w\" sizes=\"auto, (max-width: 1024px) 100vw, 1024px\" \/><\/figure><\/div>\n\n\n<h2 class=\"wp-block-heading has-text-align-center\">Comment aider les mamans c\u00e9libataires et leurs b\u00e9b\u00e9s ?<\/h2>\n\n\n\n<div class=\"wp-block-buttons is-content-justification-center is-layout-flex wp-container-core-buttons-is-layout-16018d1d wp-block-buttons-is-layout-flex\">\n<div class=\"wp-block-button\"><a class=\"wp-block-button__link has-text-align-center wp-element-button\" href=\"https:\/\/www.promacel.org\/index.php\/contact\/\">Inscrivez-vous \u00e0 la newsletter<\/a><\/div>\n<\/div>\n\n\n\n<hr class=\"wp-block-separator has-alpha-channel-opacity\"\/>\n\n\n\n<div class=\"wp-block-buttons is-content-justification-center is-layout-flex wp-container-core-buttons-is-layout-16018d1d wp-block-buttons-is-layout-flex\">\n<div class=\"wp-block-button\"><a class=\"wp-block-button__link wp-element-button\" href=\"https:\/\/www.helloasso.com\/associations\/peuples-solidaires-saint-lo\/formulaires\/2\">Faire un don<\/a><\/div>\n<\/div>\n\n\n\n<p><\/p>\n","protected":false},"excerpt":{"rendered":"<p>PROMACEL Ensemble pour elles: soutenons les mamans c\u00e9libataires isol\u00e9es de Koudougou, Burkina Faso. Qui sommes nous ? Promacel, est un&#8230;<\/p>\n","protected":false},"author":1,"featured_media":0,"parent":0,"menu_order":0,"comment_status":"closed","ping_status":"closed","template":"","meta":{"footnotes":""},"class_list":["post-45","page","type-page","status-publish","hentry"],"_links":{"self":[{"href":"https:\/\/www.promacel.org\/index.php\/wp-json\/wp\/v2\/pages\/45","targetHints":{"allow":["GET"]}}],"collection":[{"href":"https:\/\/www.promacel.org\/index.php\/wp-json\/wp\/v2\/pages"}],"about":[{"href":"https:\/\/www.promacel.org\/index.php\/wp-json\/wp\/v2\/types\/page"}],"author":[{"embeddable":true,"href":"https:\/\/www.promacel.org\/index.php\/wp-json\/wp\/v2\/users\/1"}],"replies":[{"embeddable":true,"href":"https:\/\/www.promacel.org\/index.php\/wp-json\/wp\/v2\/comments?post=45"}],"version-history":[{"count":45,"href":"https:\/\/www.promacel.org\/index.php\/wp-json\/wp\/v2\/pages\/45\/revisions"}],"predecessor-version":[{"id":313,"href":"https:\/\/www.promacel.org\/index.php\/wp-json\/wp\/v2\/pages\/45\/revisions\/313"}],"wp:attachment":[{"href":"https:\/\/www.promacel.org\/index.php\/wp-json\/wp\/v2\/media?parent=45"}],"curies":[{"name":"wp","href":"https:\/\/api.w.org\/{rel}","templated":true}]}}